{"id":9,"date":"2026-02-04T01:37:30","date_gmt":"2026-02-04T01:37:30","guid":{"rendered":"https:\/\/blocklab.site\/?page_id=9"},"modified":"2026-02-04T01:39:48","modified_gmt":"2026-02-04T01:39:48","slug":"trang-chu","status":"publish","type":"page","link":"https:\/\/blocklab.site\/","title":{"rendered":"Trang ch\u1ee7"},"content":{"rendered":"\n<p>\u00a0<\/p>\n<header class=\"lab-header\">\n<div class=\"container\">\n<div class=\"logo\">BlockLab<\/div>\n<nav>\n<ul class=\"nav-links\">\n<li><a href=\"#\">Th\u1eed nghi\u1ec7m<\/a><\/li>\n<li><a href=\"#\">B\u00e1o c\u00e1o<\/a><\/li>\n<li><a href=\"#\">D\u1eef li\u1ec7u<\/a><\/li>\n<\/ul>\n<\/nav><\/div>\n<\/header>\n<p>\u00a0<\/p>\n<section class=\"lab-hero\">\n<div class=\"container\">\n<h1>Nghi\u00ean c\u1ee9u &amp; Ph\u00e2n t\u00edch <br \/>H\u1ec7 sinh th\u00e1i Web3<\/h1>\n<p>Kh\u00e1m ph\u00e1 c\u00e1c giao th\u1ee9c m\u1edbi nh\u1ea5t b\u00ean trong ph\u00f2ng th\u00ed nghi\u1ec7m blocklab.site<\/p>\n<\/div>\n<\/section>\n<section class=\"container content-grid\">\n<div class=\"lab-card\">\n<div class=\"card-header\"><span class=\"status pulse\">\u25cf Live<\/span><br \/><span class=\"id\">ID: 8821<\/span><\/div>\n<h3>Giao th\u1ee9c thanh kho\u1ea3n v4<\/h3>\n<p>Ph\u00e2n t\u00edch hi\u1ec7u qu\u1ea3 s\u1eed d\u1ee5ng v\u1ed1n trong c\u00e1c AMM th\u1ebf h\u1ec7 m\u1edbi&#8230;<\/p>\n<p><a class=\"lab-btn\" href=\"#\">Xem b\u00e1o c\u00e1o<\/a><\/p>\n<\/div>\n<div class=\"lab-card\">\n<div class=\"card-header\"><span class=\"status\">\u25cf Archived<\/span><br \/><span class=\"id\">ID: 7540<\/span><\/div>\n<h3>B\u1ea3o m\u1eadt Smart Contract<\/h3>\n<p>T\u1ed5ng h\u1ee3p c\u00e1c l\u1ed7 h\u1ed5ng ph\u1ed5 bi\u1ebfn tr\u00ean m\u1ea1ng l\u01b0\u1edbi EVM n\u0103m qua&#8230;<\/p>\n<p><a class=\"lab-btn\" href=\"#\">Xem b\u00e1o c\u00e1o<\/a><\/p>\n<\/div>\n<\/section>\n<p>\u00a0<\/p>\n<footer class=\"lab-footer\">\n<div class=\"container\">\n<p>System status: <span class=\"text-green\">All systems operational<\/span><\/p>\n<p>\u00a9 2026 blocklab.site | Blockchain Intelligence Unit<\/p>\n<\/div>\n<\/footer>\n<p>\u00a0<\/p>\n\n","protected":false},"excerpt":{"rendered":"","protected":false},"author":1,"featured_media":0,"parent":0,"menu_order":0,"comment_status":"closed","ping_status":"closed","template":"","meta":{"footnotes":""},"class_list":["post-9","page","type-page","status-publish","hentry"],"_links":{"self":[{"href":"https:\/\/blocklab.site\/index.php\/wp-json\/wp\/v2\/pages\/9","targetHints":{"allow":["GET"]}}],"collection":[{"href":"https:\/\/blocklab.site\/index.php\/wp-json\/wp\/v2\/pages"}],"about":[{"href":"https:\/\/blocklab.site\/index.php\/wp-json\/wp\/v2\/types\/page"}],"author":[{"embeddable":true,"href":"https:\/\/blocklab.site\/index.php\/wp-json\/wp\/v2\/users\/1"}],"replies":[{"embeddable":true,"href":"https:\/\/blocklab.site\/index.php\/wp-json\/wp\/v2\/comments?post=9"}],"version-history":[{"count":2,"href":"https:\/\/blocklab.site\/index.php\/wp-json\/wp\/v2\/pages\/9\/revisions"}],"predecessor-version":[{"id":19,"href":"https:\/\/blocklab.site\/index.php\/wp-json\/wp\/v2\/pages\/9\/revisions\/19"}],"wp:attachment":[{"href":"https:\/\/blocklab.site\/index.php\/wp-json\/wp\/v2\/media?parent=9"}],"curies":[{"name":"wp","href":"https:\/\/api.w.org\/{rel}","templated":true}]}}